{"id":1300,"date":"2025-01-29T10:19:35","date_gmt":"2025-01-29T10:19:35","guid":{"rendered":"https:\/\/alterlog.ee\/privaatsuspoliitika\/"},"modified":"2026-02-07T17:36:03","modified_gmt":"2026-02-07T17:36:03","slug":"privaatsuspoliitika","status":"publish","type":"page","link":"https:\/\/alterlog.ee\/et\/privaatsuspoliitika\/","title":{"rendered":"Privaatsuspoliitika"},"content":{"rendered":"\n<h2 class=\"wp-block-heading\">Kes me oleme<\/h2>\n\n<p><strong class=\"privacy-policy-tutorial\">Soovitatud tekst: <\/strong>Meie veebisaidi aadress on: https:\/\/alterlog.ee<\/p>\n\n<h2 class=\"wp-block-heading\">Meedia<\/h2>\n\n<p><strong class=\"privacy-policy-tutorial\">Soovitatud tekst: <\/strong>Kui laadite veebisaidile pilte \u00fcles, peaksite v\u00e4ltima piltide \u00fcleslaadimist, mis sisaldavad asukohaandmeid (EXIF GPS). Veebisaidi k\u00fclastajad saavad veebisaidil olevatelt piltidelt asukohaandmeid alla laadida ja v\u00e4lja v\u00f5tta.<\/p>\n\n<h2 class=\"wp-block-heading\">Teistelt veebisaitidelt p\u00f5imitud sisu<\/h2>\n\n<p><strong class=\"privacy-policy-tutorial\">Soovitatud tekst: <\/strong>Selle saidi artiklid v\u00f5ivad sisaldada p\u00f5imitud sisu (nt videoid, pilte, artikleid jne). Teistelt veebisaitidelt p\u00f5imitud sisu k\u00e4itub t\u00e4pselt samamoodi, nagu oleks k\u00fclastaja k\u00fclastanud teist veebisaiti.<\/p>\n\n<p>Need veebisaidid v\u00f5ivad teie kohta andmeid koguda, k\u00fcpsiseid kasutada, t\u00e4iendavat kolmandate osapoolte j\u00e4lgimist p\u00f5imida ja j\u00e4lgida teie suhtlust selle p\u00f5imitud sisuga, sealhulgas j\u00e4lgida teie suhtlust p\u00f5imitud sisuga, kui teil on konto ja olete sellele veebisaidile sisse logitud.<\/p>\n\n<h2 class=\"wp-block-heading\">Kuhu teie andmeid saadetakse<\/h2>\n\n<p><strong class=\"privacy-policy-tutorial\">Soovitatud tekst: <\/strong>K\u00fclastajate kommentaare v\u00f5idakse kontrollida automatiseeritud r\u00e4mpspostituste tuvastamise teenuse kaudu.<\/p>\n","protected":false},"excerpt":{"rendered":"<p>Kes me oleme Soovitatud tekst: Meie veebisaidi aadress on: https:\/\/alterlog.ee Meedia Soovitatud tekst: Kui laadite veebisaidile pilte \u00fcles, peaksite v\u00e4ltima piltide \u00fcleslaadimist, mis sisaldavad asukohaandmeid (EXIF GPS). Veebisaidi k\u00fclastajad saavad veebisaidil olevatelt piltidelt asukohaandmeid alla laadida ja v\u00e4lja v\u00f5tta. Teistelt veebisaitidelt p\u00f5imitud sisu Soovitatud tekst: Selle saidi artiklid v\u00f5ivad sisaldada p\u00f5imitud sisu (nt videoid, pilte, [&hellip;]<\/p>\n","protected":false},"author":1,"featured_media":0,"parent":0,"menu_order":0,"comment_status":"closed","ping_status":"open","template":"","meta":{"footnotes":""},"class_list":["post-1300","page","type-page","status-publish","hentry"],"blocksy_meta":[],"_links":{"self":[{"href":"https:\/\/alterlog.ee\/et\/wp-json\/wp\/v2\/pages\/1300","targetHints":{"allow":["GET"]}}],"collection":[{"href":"https:\/\/alterlog.ee\/et\/wp-json\/wp\/v2\/pages"}],"about":[{"href":"https:\/\/alterlog.ee\/et\/wp-json\/wp\/v2\/types\/page"}],"author":[{"embeddable":true,"href":"https:\/\/alterlog.ee\/et\/wp-json\/wp\/v2\/users\/1"}],"replies":[{"embeddable":true,"href":"https:\/\/alterlog.ee\/et\/wp-json\/wp\/v2\/comments?post=1300"}],"version-history":[{"count":2,"href":"https:\/\/alterlog.ee\/et\/wp-json\/wp\/v2\/pages\/1300\/revisions"}],"predecessor-version":[{"id":1305,"href":"https:\/\/alterlog.ee\/et\/wp-json\/wp\/v2\/pages\/1300\/revisions\/1305"}],"wp:attachment":[{"href":"https:\/\/alterlog.ee\/et\/wp-json\/wp\/v2\/media?parent=1300"}],"curies":[{"name":"wp","href":"https:\/\/api.w.org\/{rel}","templated":true}]}}