{"id":1247,"date":"2025-01-29T10:19:35","date_gmt":"2025-01-29T10:19:35","guid":{"rendered":"https:\/\/alterlog.ee\/tietosuojakaytanto\/"},"modified":"2026-02-06T16:00:43","modified_gmt":"2026-02-06T16:00:43","slug":"tietosuojakaytanto","status":"publish","type":"page","link":"https:\/\/alterlog.ee\/fi\/tietosuojakaytanto\/","title":{"rendered":"Tietosuojak\u00e4yt\u00e4nt\u00f6"},"content":{"rendered":"\n<h2 class=\"wp-block-heading\">Keit\u00e4 olemme<\/h2>\n\n<p><strong class=\"privacy-policy-tutorial\">Ehdotettu teksti: <\/strong>Verkkosivustomme osoite on: https:\/\/alterlog.ee<\/p>\n\n<h2 class=\"wp-block-heading\">Media<\/h2>\n\n<p><strong class=\"privacy-policy-tutorial\">Ehdotettu teksti: <\/strong>Jos lataat kuvia verkkosivustolle, sinun tulisi v\u00e4ltt\u00e4\u00e4 kuvien lataamista, jotka sis\u00e4lt\u00e4v\u00e4t upotettuja sijaintitietoja (EXIF GPS). Verkkosivuston k\u00e4vij\u00e4t voivat ladata ja poimia kaikki sijaintitiedot verkkosivuston kuvista.<\/p>\n\n<h2 class=\"wp-block-heading\">Muilta verkkosivustoilta upotettu sis\u00e4lt\u00f6<\/h2>\n\n<p><strong class=\"privacy-policy-tutorial\">Ehdotettu teksti: <\/strong>T\u00e4m\u00e4n sivuston artikkelit voivat sis\u00e4lt\u00e4\u00e4 upotettua sis\u00e4lt\u00f6\u00e4 (esim. videoita, kuvia, artikkeleita jne.). Muilta verkkosivustoilta upotettu sis\u00e4lt\u00f6 k\u00e4ytt\u00e4ytyy t\u00e4sm\u00e4lleen samalla tavalla kuin jos k\u00e4vij\u00e4 olisi vieraillut toisella verkkosivustolla.<\/p>\n\n<p>N\u00e4m\u00e4 verkkosivustot voivat ker\u00e4t\u00e4 tietoja sinusta, k\u00e4ytt\u00e4\u00e4 ev\u00e4steit\u00e4, upottaa ylim\u00e4\u00e4r\u00e4ist\u00e4 kolmannen osapuolen seurantaa ja seurata vuorovaikutustasi kyseisen upotetun sis\u00e4ll\u00f6n kanssa, mukaan lukien vuorovaikutuksesi seuranta upotetun sis\u00e4ll\u00f6n kanssa, jos sinulla on tili ja olet kirjautunut sis\u00e4\u00e4n kyseiselle verkkosivustolle.<\/p>\n\n<h2 class=\"wp-block-heading\">Minne tietojasi l\u00e4hetet\u00e4\u00e4n<\/h2>\n\n<p><strong class=\"privacy-policy-tutorial\">Ehdotettu teksti: <\/strong>K\u00e4vij\u00f6iden kommentit voidaan tarkistaa automaattisen roskapostin tunnistuspalvelun kautta.<\/p>\n","protected":false},"excerpt":{"rendered":"<p>Keit\u00e4 olemme Ehdotettu teksti: Verkkosivustomme osoite on: https:\/\/alterlog.ee Media Ehdotettu teksti: Jos lataat kuvia verkkosivustolle, sinun tulisi v\u00e4ltt\u00e4\u00e4 kuvien lataamista, jotka sis\u00e4lt\u00e4v\u00e4t upotettuja sijaintitietoja (EXIF GPS). Verkkosivuston k\u00e4vij\u00e4t voivat ladata ja poimia kaikki sijaintitiedot verkkosivuston kuvista. Muilta verkkosivustoilta upotettu sis\u00e4lt\u00f6 Ehdotettu teksti: T\u00e4m\u00e4n sivuston artikkelit voivat sis\u00e4lt\u00e4\u00e4 upotettua sis\u00e4lt\u00f6\u00e4 (esim. videoita, kuvia, artikkeleita jne.). Muilta [&hellip;]<\/p>\n","protected":false},"author":1,"featured_media":0,"parent":0,"menu_order":0,"comment_status":"closed","ping_status":"open","template":"","meta":{"footnotes":""},"class_list":["post-1247","page","type-page","status-publish","hentry"],"blocksy_meta":[],"_links":{"self":[{"href":"https:\/\/alterlog.ee\/fi\/wp-json\/wp\/v2\/pages\/1247","targetHints":{"allow":["GET"]}}],"collection":[{"href":"https:\/\/alterlog.ee\/fi\/wp-json\/wp\/v2\/pages"}],"about":[{"href":"https:\/\/alterlog.ee\/fi\/wp-json\/wp\/v2\/types\/page"}],"author":[{"embeddable":true,"href":"https:\/\/alterlog.ee\/fi\/wp-json\/wp\/v2\/users\/1"}],"replies":[{"embeddable":true,"href":"https:\/\/alterlog.ee\/fi\/wp-json\/wp\/v2\/comments?post=1247"}],"version-history":[{"count":2,"href":"https:\/\/alterlog.ee\/fi\/wp-json\/wp\/v2\/pages\/1247\/revisions"}],"predecessor-version":[{"id":1249,"href":"https:\/\/alterlog.ee\/fi\/wp-json\/wp\/v2\/pages\/1247\/revisions\/1249"}],"wp:attachment":[{"href":"https:\/\/alterlog.ee\/fi\/wp-json\/wp\/v2\/media?parent=1247"}],"curies":[{"name":"wp","href":"https:\/\/api.w.org\/{rel}","templated":true}]}}